{"id":1103,"date":"2026-02-02T12:09:39","date_gmt":"2026-02-02T11:09:39","guid":{"rendered":"https:\/\/test.brodeuse-voyageuse.com\/?page_id=1103"},"modified":"2026-02-02T16:55:17","modified_gmt":"2026-02-02T15:55:17","slug":"transmissions","status":"publish","type":"page","link":"https:\/\/brodeuse-voyageuse.com\/en\/transmissions\/","title":{"rendered":"Transmissions"},"content":{"rendered":"<div data-elementor-type=\"wp-page\" data-elementor-id=\"1103\" class=\"elementor elementor-1103\" data-elementor-settings=\"{&quot;ha_cmc_init_switcher&quot;:&quot;no&quot;}\">\n\t\t\t\t<div class=\"elementor-element elementor-element-f786d4e e-flex e-con-boxed e-con e-parent\" data-id=\"f786d4e\" data-element_type=\"container\" data-e-type=\"container\" data-settings=\"{&quot;background_background&quot;:&quot;classic&quot;,&quot;_ha_eqh_enable&quot;:false}\">\n\t\t\t\t\t<div class=\"e-con-inner\">\n\t\t\t\t<div class=\"elementor-element elementor-element-4b9e635 elementor-widget elementor-widget-spacer\" data-id=\"4b9e635\" data-element_type=\"widget\" data-e-type=\"widget\" data-widget_type=\"spacer.default\">\n\t\t\t\t\t\t\t<div class=\"elementor-spacer\">\n\t\t\t<div class=\"elementor-spacer-inner\"><\/div>\n\t\t<\/div>\n\t\t\t\t\t\t<\/div>\n\t\t\t\t\t<\/div>\n\t\t\t\t<\/div>\n\t\t<div class=\"elementor-element elementor-element-7da297b e-flex e-con-boxed e-con e-parent\" data-id=\"7da297b\" data-element_type=\"container\" data-e-type=\"container\" data-settings=\"{&quot;background_background&quot;:&quot;classic&quot;,&quot;_ha_eqh_enable&quot;:false}\">\n\t\t\t\t\t<div class=\"e-con-inner\">\n\t\t\t\t<div class=\"elementor-element elementor-element-c4e7b41 elementor-widget__width-initial elementor-widget elementor-widget-heading\" data-id=\"c4e7b41\" data-element_type=\"widget\" data-e-type=\"widget\" data-widget_type=\"heading.default\">\n\t\t\t\t\t<h2 class=\"elementor-heading-title elementor-size-default\">Depuis plusieurs ann\u00e9es, je transmets et partage mes savoir-faire au sein d\u2019\u00e9coles, d\u2019associations et \u00e0 travers des ateliers organis\u00e9s dans des lieux priv\u00e9s.\nN\u2019h\u00e9sitez pas \u00e0 me contacter pour obtenir plus d\u2019informations et imaginer ensemble un atelier sur mesure, adapt\u00e9 \u00e0 votre lieu et \u00e0 vos besoins.<\/h2>\t\t\t\t<\/div>\n\t\t\t\t\t<\/div>\n\t\t\t\t<\/div>\n\t\t<div class=\"elementor-element elementor-element-085fe6f e-flex e-con-boxed e-con e-parent\" data-id=\"085fe6f\" data-element_type=\"container\" data-e-type=\"container\" data-settings=\"{&quot;background_background&quot;:&quot;classic&quot;,&quot;_ha_eqh_enable&quot;:false}\">\n\t\t\t\t\t<div class=\"e-con-inner\">\n\t\t\t\t<div class=\"elementor-element elementor-element-e871d18 elementor-widget elementor-widget-spacer\" data-id=\"e871d18\" data-element_type=\"widget\" data-e-type=\"widget\" data-widget_type=\"spacer.default\">\n\t\t\t\t\t\t\t<div class=\"elementor-spacer\">\n\t\t\t<div class=\"elementor-spacer-inner\"><\/div>\n\t\t<\/div>\n\t\t\t\t\t\t<\/div>\n\t\t\t\t\t<\/div>\n\t\t\t\t<\/div>\n\t\t<div class=\"elementor-element elementor-element-5d7222b e-flex e-con-boxed e-con e-parent\" data-id=\"5d7222b\" data-element_type=\"container\" data-e-type=\"container\" data-settings=\"{&quot;background_background&quot;:&quot;classic&quot;,&quot;_ha_eqh_enable&quot;:false}\">\n\t\t\t\t\t<div class=\"e-con-inner\">\n\t\t\t\t<div class=\"elementor-element elementor-element-9ee0498 ha-image-grid--even elementor-widget elementor-widget-ha-image-grid happy-addon ha-image-grid\" data-id=\"9ee0498\" data-element_type=\"widget\" data-e-type=\"widget\" data-settings=\"{&quot;layout&quot;:&quot;even&quot;,&quot;enable_popup&quot;:&quot;yes&quot;}\" data-widget_type=\"ha-image-grid.default\">\n\t\t\t\t\t\n\t\t<div class=\"ha-image-grid__wrap hajs-isotope ha-lightbox--has\">\n\t\t\t\t\t\t\t\n\t\t\t\t<a href=\"#\" data-mfp-src=\"https:\/\/brodeuse-voyageuse.com\/wp-content\/uploads\/2026\/02\/P1099795-1536x1382.jpg\" class=\"ha-image-grid__item ha-js-lightbox __fltr-1\">\n\t\t\t\t\t<img fetchpriority=\"high\" decoding=\"async\" width=\"1024\" height=\"921\" src=\"https:\/\/brodeuse-voyageuse.com\/wp-content\/uploads\/2026\/02\/P1099795-1024x921.jpg\" class=\"elementor-animation-grow\" alt=\"\" srcset=\"https:\/\/brodeuse-voyageuse.com\/wp-content\/uploads\/2026\/02\/P1099795-1024x921.jpg 1024w, https:\/\/brodeuse-voyageuse.com\/wp-content\/uploads\/2026\/02\/P1099795-300x270.jpg 300w, https:\/\/brodeuse-voyageuse.com\/wp-content\/uploads\/2026\/02\/P1099795-768x691.jpg 768w, https:\/\/brodeuse-voyageuse.com\/wp-content\/uploads\/2026\/02\/P1099795-1536x1382.jpg 1536w, https:\/\/brodeuse-voyageuse.com\/wp-content\/uploads\/2026\/02\/P1099795-2048x1842.jpg 2048w\" sizes=\"(max-width: 1024px) 100vw, 1024px\" \/>\t\t\t\t<\/a>\n\t\t\t\t\t\t\t\n\t\t\t\t<a href=\"#\" data-mfp-src=\"https:\/\/brodeuse-voyageuse.com\/wp-content\/uploads\/2026\/02\/P1099758-1055x1536.jpg\" class=\"ha-image-grid__item ha-js-lightbox __fltr-1\">\n\t\t\t\t\t<img decoding=\"async\" width=\"703\" height=\"1024\" data-src=\"https:\/\/brodeuse-voyageuse.com\/wp-content\/uploads\/2026\/02\/P1099758-703x1024.jpg\" class=\"elementor-animation-grow lazyload\" alt=\"\" data-srcset=\"https:\/\/brodeuse-voyageuse.com\/wp-content\/uploads\/2026\/02\/P1099758-703x1024.jpg 703w, https:\/\/brodeuse-voyageuse.com\/wp-content\/uploads\/2026\/02\/P1099758-206x300.jpg 206w, https:\/\/brodeuse-voyageuse.com\/wp-content\/uploads\/2026\/02\/P1099758-768x1118.jpg 768w, https:\/\/brodeuse-voyageuse.com\/wp-content\/uploads\/2026\/02\/P1099758-1055x1536.jpg 1055w, https:\/\/brodeuse-voyageuse.com\/wp-content\/uploads\/2026\/02\/P1099758-1406x2048.jpg 1406w, https:\/\/brodeuse-voyageuse.com\/wp-content\/uploads\/2026\/02\/P1099758-scaled.jpg 1758w\" data-sizes=\"(max-width: 703px) 100vw, 703px\" src=\"data:image\/svg+xml;base64,PHN2ZyB3aWR0aD0iMSIgaGVpZ2h0PSIxIiB4bWxucz0iaHR0cDovL3d3dy53My5vcmcvMjAwMC9zdmciPjwvc3ZnPg==\" style=\"--smush-placeholder-width: 703px; --smush-placeholder-aspect-ratio: 703\/1024;\" \/>\t\t\t\t<\/a>\n\t\t\t\t\t\t\t\n\t\t\t\t<a href=\"#\" data-mfp-src=\"https:\/\/brodeuse-voyageuse.com\/wp-content\/uploads\/2026\/02\/Fibre-Textile-1536x978.jpg\" class=\"ha-image-grid__item ha-js-lightbox __fltr-1\">\n\t\t\t\t\t<img decoding=\"async\" width=\"1024\" height=\"652\" data-src=\"https:\/\/brodeuse-voyageuse.com\/wp-content\/uploads\/2026\/02\/Fibre-Textile-1024x652.jpg\" class=\"elementor-animation-grow lazyload\" alt=\"\" data-srcset=\"https:\/\/brodeuse-voyageuse.com\/wp-content\/uploads\/2026\/02\/Fibre-Textile-1024x652.jpg 1024w, https:\/\/brodeuse-voyageuse.com\/wp-content\/uploads\/2026\/02\/Fibre-Textile-300x191.jpg 300w, https:\/\/brodeuse-voyageuse.com\/wp-content\/uploads\/2026\/02\/Fibre-Textile-768x489.jpg 768w, https:\/\/brodeuse-voyageuse.com\/wp-content\/uploads\/2026\/02\/Fibre-Textile-1536x978.jpg 1536w, https:\/\/brodeuse-voyageuse.com\/wp-content\/uploads\/2026\/02\/Fibre-Textile-2048x1304.jpg 2048w\" data-sizes=\"(max-width: 1024px) 100vw, 1024px\" src=\"data:image\/svg+xml;base64,PHN2ZyB3aWR0aD0iMSIgaGVpZ2h0PSIxIiB4bWxucz0iaHR0cDovL3d3dy53My5vcmcvMjAwMC9zdmciPjwvc3ZnPg==\" style=\"--smush-placeholder-width: 1024px; --smush-placeholder-aspect-ratio: 1024\/652;\" \/>\t\t\t\t<\/a>\n\t\t\t\t\t<\/div>\n\n\t\t\t\t\t\t<\/div>\n\t\t\t\t\t<\/div>\n\t\t\t\t<\/div>\n\t\t<div class=\"elementor-element elementor-element-c1975a8 e-flex e-con-boxed e-con e-parent\" data-id=\"c1975a8\" data-element_type=\"container\" data-e-type=\"container\" data-settings=\"{&quot;background_background&quot;:&quot;classic&quot;,&quot;_ha_eqh_enable&quot;:false}\">\n\t\t\t\t\t<div class=\"e-con-inner\">\n\t\t\t\t<div class=\"elementor-element elementor-element-23986be elementor-widget elementor-widget-text-editor\" data-id=\"23986be\" data-element_type=\"widget\" data-e-type=\"widget\" data-widget_type=\"text-editor.default\">\n\t\t\t\t\t\t\t\t\t<p><strong data-start=\"75\" data-end=\"95\">Avec les associations La Fibre Textile<\/strong> et <strong data-start=\"99\" data-end=\"117\">Voyage Textile<\/strong> ont apport\u00e9 un soutien essentiel au projet, de l\u2019organisation \u00e0 la logistique. Leur accompagnement a permis la fabrication des machines \u00e0 Marrakech, avec les ressources disponibles localement, ainsi que la transmission de savoirs port\u00e9e par des personnes engag\u00e9es avant tout pour soutenir et partager.<\/p>\t\t\t\t\t\t\t\t<\/div>\n\t\t\t\t\t<\/div>\n\t\t\t\t<\/div>\n\t\t<div class=\"elementor-element elementor-element-75dd425 e-flex e-con-boxed e-con e-parent\" data-id=\"75dd425\" data-element_type=\"container\" data-e-type=\"container\" data-settings=\"{&quot;background_background&quot;:&quot;classic&quot;,&quot;_ha_eqh_enable&quot;:false}\">\n\t\t\t\t\t<div class=\"e-con-inner\">\n\t\t\t\t<div class=\"elementor-element elementor-element-2381ee6 elementor-widget elementor-widget-spacer\" data-id=\"2381ee6\" data-element_type=\"widget\" data-e-type=\"widget\" data-widget_type=\"spacer.default\">\n\t\t\t\t\t\t\t<div class=\"elementor-spacer\">\n\t\t\t<div class=\"elementor-spacer-inner\"><\/div>\n\t\t<\/div>\n\t\t\t\t\t\t<\/div>\n\t\t\t\t\t<\/div>\n\t\t\t\t<\/div>\n\t\t\t\t<\/div>","protected":false},"excerpt":{"rendered":"<p>Depuis plusieurs ann\u00e9es, je transmets et partage mes savoir-faire au sein d\u2019\u00e9coles, d\u2019associations et \u00e0 travers des ateliers organis\u00e9s dans des lieux priv\u00e9s. N\u2019h\u00e9sitez pas \u00e0 me contacter pour obtenir plus d\u2019informations et imaginer ensemble un atelier sur mesure, adapt\u00e9 \u00e0 votre lieu et \u00e0 vos besoins. Avec les associations La Fibre Textile et Voyage [&hellip;]<\/p>\n","protected":false},"author":1,"featured_media":0,"parent":0,"menu_order":0,"comment_status":"closed","ping_status":"closed","template":"","meta":{"footnotes":""},"class_list":["post-1103","page","type-page","status-publish","hentry"],"blocksy_meta":[],"_links":{"self":[{"href":"https:\/\/brodeuse-voyageuse.com\/en\/wp-json\/wp\/v2\/pages\/1103","targetHints":{"allow":["GET"]}}],"collection":[{"href":"https:\/\/brodeuse-voyageuse.com\/en\/wp-json\/wp\/v2\/pages"}],"about":[{"href":"https:\/\/brodeuse-voyageuse.com\/en\/wp-json\/wp\/v2\/types\/page"}],"author":[{"embeddable":true,"href":"https:\/\/brodeuse-voyageuse.com\/en\/wp-json\/wp\/v2\/users\/1"}],"replies":[{"embeddable":true,"href":"https:\/\/brodeuse-voyageuse.com\/en\/wp-json\/wp\/v2\/comments?post=1103"}],"version-history":[{"count":91,"href":"https:\/\/brodeuse-voyageuse.com\/en\/wp-json\/wp\/v2\/pages\/1103\/revisions"}],"predecessor-version":[{"id":1376,"href":"https:\/\/brodeuse-voyageuse.com\/en\/wp-json\/wp\/v2\/pages\/1103\/revisions\/1376"}],"wp:attachment":[{"href":"https:\/\/brodeuse-voyageuse.com\/en\/wp-json\/wp\/v2\/media?parent=1103"}],"curies":[{"name":"wp","href":"https:\/\/api.w.org\/{rel}","templated":true}]}}