{"id":2557,"date":"2026-03-10T16:03:30","date_gmt":"2026-03-10T15:03:30","guid":{"rendered":"https:\/\/test.brodeuse-voyageuse.com\/?page_id=2557"},"modified":"2026-03-25T16:54:04","modified_gmt":"2026-03-25T15:54:04","slug":"hadabat","status":"publish","type":"page","link":"https:\/\/brodeuse-voyageuse.com\/en\/hadabat\/","title":{"rendered":"Hadabat"},"content":{"rendered":"<div data-elementor-type=\"wp-page\" data-elementor-id=\"2557\" class=\"elementor elementor-2557\" data-elementor-settings=\"{&quot;ha_cmc_init_switcher&quot;:&quot;no&quot;}\">\n\t\t\t\t<div class=\"elementor-element elementor-element-b19d8ee e-flex e-con-boxed e-con e-parent\" data-id=\"b19d8ee\" data-element_type=\"container\" data-e-type=\"container\" data-settings=\"{&quot;background_background&quot;:&quot;classic&quot;,&quot;_ha_eqh_enable&quot;:false}\">\n\t\t\t\t\t<div class=\"e-con-inner\">\n\t\t\t\t<div class=\"elementor-element elementor-element-aefea8b elementor-widget-divider--view-line elementor-widget elementor-widget-divider\" data-id=\"aefea8b\" data-element_type=\"widget\" data-e-type=\"widget\" data-widget_type=\"divider.default\">\n\t\t\t\t\t\t\t<div class=\"elementor-divider\">\n\t\t\t<span class=\"elementor-divider-separator\">\n\t\t\t\t\t\t<\/span>\n\t\t<\/div>\n\t\t\t\t\t\t<\/div>\n\t\t\t\t<div class=\"elementor-element elementor-element-3d7d3cc elementor-widget elementor-widget-spacer\" data-id=\"3d7d3cc\" data-element_type=\"widget\" data-e-type=\"widget\" data-widget_type=\"spacer.default\">\n\t\t\t\t\t\t\t<div class=\"elementor-spacer\">\n\t\t\t<div class=\"elementor-spacer-inner\"><\/div>\n\t\t<\/div>\n\t\t\t\t\t\t<\/div>\n\t\t\t\t\t<\/div>\n\t\t\t\t<\/div>\n\t\t<div class=\"elementor-element elementor-element-26102c7 e-grid e-con-boxed e-con e-parent\" data-id=\"26102c7\" data-element_type=\"container\" data-e-type=\"container\" data-settings=\"{&quot;background_background&quot;:&quot;classic&quot;,&quot;_ha_eqh_enable&quot;:false}\">\n\t\t\t\t\t<div class=\"e-con-inner\">\n\t\t\t\t<div class=\"elementor-element elementor-element-a1ac078 elementor-widget__width-inherit elementor-widget elementor-widget-ha-slider happy-addon ha-slider\" data-id=\"a1ac078\" data-element_type=\"widget\" data-e-type=\"widget\" data-settings=\"{&quot;slides_transition&quot;:&quot;fade&quot;,&quot;autoplay_speed&quot;:2000,&quot;animation_speed&quot;:300,&quot;autoplay&quot;:&quot;yes&quot;,&quot;loop&quot;:&quot;yes&quot;,&quot;navigation&quot;:&quot;arrow&quot;}\" data-widget_type=\"ha-slider.default\">\n\t\t\t\t\t\n\t\t<div class=\"hajs-slick ha-slick ha-slick--slider\">\n\n\t\t\t\n\t\t\t\t<div class=\"ha-slick-slide slick-slide\">\n\t\t\t\t\t<div class=\"ha-slick-item\">\n\t\t\t\t\t\t\t\t\t\t\t\t\t<img decoding=\"async\" class=\"ha-slick-img lazyload\" data-src=\"https:\/\/brodeuse-voyageuse.com\/wp-content\/uploads\/2026\/03\/Hadabat-1.jpg\" alt=\"\" src=\"data:image\/svg+xml;base64,PHN2ZyB3aWR0aD0iMSIgaGVpZ2h0PSIxIiB4bWxucz0iaHR0cDovL3d3dy53My5vcmcvMjAwMC9zdmciPjwvc3ZnPg==\" style=\"--smush-placeholder-width: 1024px; --smush-placeholder-aspect-ratio: 1024\/683;\">\n\t\t\t\t\t\t\n\t\t\t\t\t\t\t\t\t\t\t\t\t<div class=\"ha-slick-content\">\n\t\t\t\t\t\t\t\t\t\t\t\t\t\t\t\t\t\t\t\t\t\t\t\t\t<p class=\"ha-slick-subtitle\">\u00a9 Aissam El Khazouzi<\/p>\n\t\t\t\t\t\t\t\t\t\t\t\t\t\t\t<\/div>\n\t\t\t\t\t\t\t\t\t\t\t<\/div>\n\t\t\t\t<\/div>\n\n\t\t\t\n\t\t\t\t<div class=\"ha-slick-slide slick-slide\">\n\t\t\t\t\t<div class=\"ha-slick-item\">\n\t\t\t\t\t\t\t\t\t\t\t\t\t<img decoding=\"async\" class=\"ha-slick-img lazyload\" data-src=\"https:\/\/brodeuse-voyageuse.com\/wp-content\/uploads\/2026\/03\/Hadabat-2.jpg\" alt=\"\" src=\"data:image\/svg+xml;base64,PHN2ZyB3aWR0aD0iMSIgaGVpZ2h0PSIxIiB4bWxucz0iaHR0cDovL3d3dy53My5vcmcvMjAwMC9zdmciPjwvc3ZnPg==\" style=\"--smush-placeholder-width: 1024px; --smush-placeholder-aspect-ratio: 1024\/683;\">\n\t\t\t\t\t\t\n\t\t\t\t\t\t\t\t\t\t\t\t\t<div class=\"ha-slick-content\">\n\t\t\t\t\t\t\t\t\t\t\t\t\t\t\t\t\t\t\t\t\t\t\t\t\t<p class=\"ha-slick-subtitle\">\u00a9 Aissam El Khazouzi<\/p>\n\t\t\t\t\t\t\t\t\t\t\t\t\t\t\t<\/div>\n\t\t\t\t\t\t\t\t\t\t\t<\/div>\n\t\t\t\t<\/div>\n\n\t\t\t\n\t\t\t\t<div class=\"ha-slick-slide slick-slide\">\n\t\t\t\t\t<div class=\"ha-slick-item\">\n\t\t\t\t\t\t\t\t\t\t\t\t\t<img decoding=\"async\" class=\"ha-slick-img lazyload\" data-src=\"https:\/\/brodeuse-voyageuse.com\/wp-content\/uploads\/2026\/03\/Hadabat-3.jpg\" alt=\"\" src=\"data:image\/svg+xml;base64,PHN2ZyB3aWR0aD0iMSIgaGVpZ2h0PSIxIiB4bWxucz0iaHR0cDovL3d3dy53My5vcmcvMjAwMC9zdmciPjwvc3ZnPg==\" style=\"--smush-placeholder-width: 1024px; --smush-placeholder-aspect-ratio: 1024\/683;\">\n\t\t\t\t\t\t\n\t\t\t\t\t\t\t\t\t\t\t\t\t<div class=\"ha-slick-content\">\n\t\t\t\t\t\t\t\t\t\t\t\t\t\t\t\t\t\t\t\t\t\t\t\t\t<p class=\"ha-slick-subtitle\">\u00a9 Aissam El Khazouzi<\/p>\n\t\t\t\t\t\t\t\t\t\t\t\t\t\t\t<\/div>\n\t\t\t\t\t\t\t\t\t\t\t<\/div>\n\t\t\t\t<\/div>\n\n\t\t\t\n\t\t<\/div>\n\n\t\t\t\t\t<button type=\"button\" class=\"slick-prev\"><i aria-hidden=\"true\" class=\"hm hm-arrow-left\"><\/i><\/button>\n\t\t\n\t\t\t\t\t<button type=\"button\" class=\"slick-next\"><i aria-hidden=\"true\" class=\"hm hm-arrow-right\"><\/i><\/button>\n\t\t\n\t\t\t\t\t\t<\/div>\n\t\t\t\t\t<\/div>\n\t\t\t\t<\/div>\n\t\t<div class=\"elementor-element elementor-element-f1f05d8 e-flex e-con-boxed e-con e-parent\" data-id=\"f1f05d8\" data-element_type=\"container\" data-e-type=\"container\" data-settings=\"{&quot;background_background&quot;:&quot;classic&quot;,&quot;_ha_eqh_enable&quot;:false}\">\n\t\t\t\t\t<div class=\"e-con-inner\">\n\t\t<div class=\"elementor-element elementor-element-1db4b62 e-grid e-con-full e-con e-child\" data-id=\"1db4b62\" data-element_type=\"container\" data-e-type=\"container\" data-settings=\"{&quot;_ha_eqh_enable&quot;:false}\">\n\t\t\t\t<div class=\"elementor-element elementor-element-1b995a1 elementor-widget elementor-widget-text-editor\" data-id=\"1b995a1\" data-element_type=\"widget\" data-e-type=\"widget\" data-widget_type=\"text-editor.default\">\n\t\t\t\t\t\t\t\t\t<p>Se perdre dans les nuances et contrastes des vall\u00e9es de l\u2019Atlas.<\/p>\t\t\t\t\t\t\t\t<\/div>\n\t\t<div class=\"elementor-element elementor-element-9b8e044 e-grid e-con-full e-con e-child\" data-id=\"9b8e044\" data-element_type=\"container\" data-e-type=\"container\" data-settings=\"{&quot;_ha_eqh_enable&quot;:false}\">\n\t\t\t\t<div class=\"elementor-element elementor-element-5c490db elementor-widget elementor-widget-heading\" data-id=\"5c490db\" data-element_type=\"widget\" data-e-type=\"widget\" data-widget_type=\"heading.default\">\n\t\t\t\t\t<h2 class=\"elementor-heading-title elementor-size-default\">Hadabat, 2023\n<\/h2>\t\t\t\t<\/div>\n\t\t\t\t<div class=\"elementor-element elementor-element-0ed2ebf elementor-widget elementor-widget-text-editor\" data-id=\"0ed2ebf\" data-element_type=\"widget\" data-e-type=\"widget\" data-widget_type=\"text-editor.default\">\n\t\t\t\t\t\t\t\t\t<p>Fils de soie fran\u00e7aise<\/p><p><span style=\"font-family: inherit; font-size: inherit; font-style: inherit; font-variant-ligatures: inherit; font-variant-caps: inherit; font-weight: inherit;\">Support natt\u00e9 de chanvre fran\u00e7ais<\/span><\/p><p>36 x 52 cm, 76 x 52 cm, 36 x 52 cm<\/p><p>VENDUE<\/p><p><em>N&rsquo;h\u00e9sitez pas \u00e0 <a href=\"https:\/\/brodeuse-voyageuse.com\/en\/contact\/\">nous contacter<\/a> pour avoir plus d&rsquo;informations.<\/em><\/p>\t\t\t\t\t\t\t\t<\/div>\n\t\t\t\t<\/div>\n\t\t\t\t<\/div>\n\t\t\t\t\t<\/div>\n\t\t\t\t<\/div>\n\t\t<div class=\"elementor-element elementor-element-2c575d4 e-flex e-con-boxed e-con e-parent\" data-id=\"2c575d4\" data-element_type=\"container\" data-e-type=\"container\" data-settings=\"{&quot;background_background&quot;:&quot;classic&quot;,&quot;_ha_eqh_enable&quot;:false}\">\n\t\t\t\t\t<div class=\"e-con-inner\">\n\t\t\t\t<div class=\"elementor-element elementor-element-1cb4dea elementor-widget elementor-widget-spacer\" data-id=\"1cb4dea\" data-element_type=\"widget\" data-e-type=\"widget\" data-widget_type=\"spacer.default\">\n\t\t\t\t\t\t\t<div class=\"elementor-spacer\">\n\t\t\t<div class=\"elementor-spacer-inner\"><\/div>\n\t\t<\/div>\n\t\t\t\t\t\t<\/div>\n\t\t\t\t\t<\/div>\n\t\t\t\t<\/div>\n\t\t\t\t<\/div>","protected":false},"excerpt":{"rendered":"<p>\u00a9 Aissam El Khazouzi \u00a9 Aissam El Khazouzi \u00a9 Aissam El Khazouzi Se perdre dans les nuances et contrastes des vall\u00e9es de l\u2019Atlas. Hadabat, 2023 Fils de soie fran\u00e7aise Support natt\u00e9 de chanvre fran\u00e7ais 36 x 52 cm, 76 x 52 cm, 36 x 52 cm VENDUE N&rsquo;h\u00e9sitez pas \u00e0 nous contacter pour avoir plus [&hellip;]<\/p>\n","protected":false},"author":1,"featured_media":0,"parent":0,"menu_order":0,"comment_status":"closed","ping_status":"closed","template":"","meta":{"footnotes":""},"class_list":["post-2557","page","type-page","status-publish","hentry"],"blocksy_meta":[],"_links":{"self":[{"href":"https:\/\/brodeuse-voyageuse.com\/en\/wp-json\/wp\/v2\/pages\/2557","targetHints":{"allow":["GET"]}}],"collection":[{"href":"https:\/\/brodeuse-voyageuse.com\/en\/wp-json\/wp\/v2\/pages"}],"about":[{"href":"https:\/\/brodeuse-voyageuse.com\/en\/wp-json\/wp\/v2\/types\/page"}],"author":[{"embeddable":true,"href":"https:\/\/brodeuse-voyageuse.com\/en\/wp-json\/wp\/v2\/users\/1"}],"replies":[{"embeddable":true,"href":"https:\/\/brodeuse-voyageuse.com\/en\/wp-json\/wp\/v2\/comments?post=2557"}],"version-history":[{"count":7,"href":"https:\/\/brodeuse-voyageuse.com\/en\/wp-json\/wp\/v2\/pages\/2557\/revisions"}],"predecessor-version":[{"id":3710,"href":"https:\/\/brodeuse-voyageuse.com\/en\/wp-json\/wp\/v2\/pages\/2557\/revisions\/3710"}],"wp:attachment":[{"href":"https:\/\/brodeuse-voyageuse.com\/en\/wp-json\/wp\/v2\/media?parent=2557"}],"curies":[{"name":"wp","href":"https:\/\/api.w.org\/{rel}","templated":true}]}}