{"id":3786,"date":"2026-03-26T10:45:19","date_gmt":"2026-03-26T09:45:19","guid":{"rendered":"https:\/\/test.brodeuse-voyageuse.com\/?page_id=3786"},"modified":"2026-03-26T11:25:00","modified_gmt":"2026-03-26T10:25:00","slug":"soie-et-noire","status":"publish","type":"page","link":"https:\/\/brodeuse-voyageuse.com\/en\/soie-et-noire\/","title":{"rendered":"Lignes de couleurs"},"content":{"rendered":"<div data-elementor-type=\"wp-page\" data-elementor-id=\"3786\" class=\"elementor elementor-3786\" data-elementor-settings=\"{&quot;ha_cmc_init_switcher&quot;:&quot;no&quot;}\">\n\t\t\t\t<div class=\"elementor-element elementor-element-f1f05d8 e-flex e-con-boxed e-con e-parent\" data-id=\"f1f05d8\" data-element_type=\"container\" data-e-type=\"container\" data-settings=\"{&quot;background_background&quot;:&quot;classic&quot;,&quot;_ha_eqh_enable&quot;:false}\">\n\t\t\t\t\t<div class=\"e-con-inner\">\n\t\t\t\t<div class=\"elementor-element elementor-element-aefea8b elementor-widget-divider--view-line elementor-widget elementor-widget-divider\" data-id=\"aefea8b\" data-element_type=\"widget\" data-e-type=\"widget\" data-widget_type=\"divider.default\">\n\t\t\t\t\t\t\t<div class=\"elementor-divider\">\n\t\t\t<span class=\"elementor-divider-separator\">\n\t\t\t\t\t\t<\/span>\n\t\t<\/div>\n\t\t\t\t\t\t<\/div>\n\t\t\t\t<div class=\"elementor-element elementor-element-cb42844 elementor-widget elementor-widget-spacer\" data-id=\"cb42844\" data-element_type=\"widget\" data-e-type=\"widget\" data-widget_type=\"spacer.default\">\n\t\t\t\t\t\t\t<div class=\"elementor-spacer\">\n\t\t\t<div class=\"elementor-spacer-inner\"><\/div>\n\t\t<\/div>\n\t\t\t\t\t\t<\/div>\n\t\t\t\t\t<\/div>\n\t\t\t\t<\/div>\n\t\t<div class=\"elementor-element elementor-element-31627b1 e-grid e-con-boxed e-con e-parent\" data-id=\"31627b1\" data-element_type=\"container\" data-e-type=\"container\" data-settings=\"{&quot;background_background&quot;:&quot;classic&quot;,&quot;_ha_eqh_enable&quot;:false}\">\n\t\t\t\t\t<div class=\"e-con-inner\">\n\t\t\t\t<div class=\"elementor-element elementor-element-4a770a8 elementor-widget elementor-widget-ha-slider happy-addon ha-slider\" data-id=\"4a770a8\" data-element_type=\"widget\" data-e-type=\"widget\" data-settings=\"{&quot;slides_transition&quot;:&quot;fade&quot;,&quot;autoplay_speed&quot;:2000,&quot;animation_speed&quot;:300,&quot;autoplay&quot;:&quot;yes&quot;,&quot;loop&quot;:&quot;yes&quot;,&quot;navigation&quot;:&quot;arrow&quot;}\" data-widget_type=\"ha-slider.default\">\n\t\t\t\t\t\n\t\t<div class=\"hajs-slick ha-slick ha-slick--slider\">\n\n\t\t\t\n\t\t\t\t<div class=\"ha-slick-slide slick-slide\">\n\t\t\t\t\t<div class=\"ha-slick-item\">\n\t\t\t\t\t\t\t\t\t\t\t\t\t<img decoding=\"async\" class=\"ha-slick-img lazyload\" data-src=\"https:\/\/brodeuse-voyageuse.com\/wp-content\/uploads\/2026\/02\/19-Commande-sur-mesure-768x1156.webp\" alt=\"\" src=\"data:image\/svg+xml;base64,PHN2ZyB3aWR0aD0iMSIgaGVpZ2h0PSIxIiB4bWxucz0iaHR0cDovL3d3dy53My5vcmcvMjAwMC9zdmciPjwvc3ZnPg==\" style=\"--smush-placeholder-width: 768px; --smush-placeholder-aspect-ratio: 768\/1156;\">\n\t\t\t\t\t\t\n\t\t\t\t\t\t\t\t\t\t\t<\/div>\n\t\t\t\t<\/div>\n\n\t\t\t\n\t\t\t\t<div class=\"ha-slick-slide slick-slide\">\n\t\t\t\t\t<div class=\"ha-slick-item\">\n\t\t\t\t\t\t\t\t\t\t\t\t\t<img decoding=\"async\" class=\"ha-slick-img lazyload\" data-src=\"https:\/\/brodeuse-voyageuse.com\/wp-content\/uploads\/2026\/03\/1-soie-et-noire-300X400.jpg\" alt=\"\" src=\"data:image\/svg+xml;base64,PHN2ZyB3aWR0aD0iMSIgaGVpZ2h0PSIxIiB4bWxucz0iaHR0cDovL3d3dy53My5vcmcvMjAwMC9zdmciPjwvc3ZnPg==\" style=\"--smush-placeholder-width: 300px; --smush-placeholder-aspect-ratio: 300\/400;\">\n\t\t\t\t\t\t\n\t\t\t\t\t\t\t\t\t\t\t<\/div>\n\t\t\t\t<\/div>\n\n\t\t\t\n\t\t\t\t<div class=\"ha-slick-slide slick-slide\">\n\t\t\t\t\t<div class=\"ha-slick-item\">\n\t\t\t\t\t\t\t\t\t\t\t\t\t<img decoding=\"async\" class=\"ha-slick-img lazyload\" data-src=\"https:\/\/brodeuse-voyageuse.com\/wp-content\/uploads\/2026\/03\/Lignes-colorees-1.jpg\" alt=\"\" src=\"data:image\/svg+xml;base64,PHN2ZyB3aWR0aD0iMSIgaGVpZ2h0PSIxIiB4bWxucz0iaHR0cDovL3d3dy53My5vcmcvMjAwMC9zdmciPjwvc3ZnPg==\" style=\"--smush-placeholder-width: 683px; --smush-placeholder-aspect-ratio: 683\/1024;\">\n\t\t\t\t\t\t\n\t\t\t\t\t\t\t\t\t\t\t<\/div>\n\t\t\t\t<\/div>\n\n\t\t\t\n\t\t<\/div>\n\n\t\t\t\t\t<button type=\"button\" class=\"slick-prev\"><i aria-hidden=\"true\" class=\"hm hm-arrow-left\"><\/i><\/button>\n\t\t\n\t\t\t\t\t<button type=\"button\" class=\"slick-next\"><i aria-hidden=\"true\" class=\"hm hm-arrow-right\"><\/i><\/button>\n\t\t\n\t\t\t\t\t\t<\/div>\n\t\t<div class=\"elementor-element elementor-element-1db4b62 e-grid e-con-full e-con e-child\" data-id=\"1db4b62\" data-element_type=\"container\" data-e-type=\"container\" data-settings=\"{&quot;_ha_eqh_enable&quot;:false}\">\n\t\t\t\t<div class=\"elementor-element elementor-element-1b995a1 elementor-widget elementor-widget-text-editor\" data-id=\"1b995a1\" data-element_type=\"widget\" data-e-type=\"widget\" data-widget_type=\"text-editor.default\">\n\t\t\t\t\t\t\t\t\t<p>Contraste entre la laine noire<\/p><p>des moutons du massif du Siroua<\/p><p>et la soie color\u00e9e de la r\u00e9gion Rh\u00f4ne Alpes.<\/p>\t\t\t\t\t\t\t\t<\/div>\n\t\t<div class=\"elementor-element elementor-element-9b8e044 e-grid e-con-full e-con e-child\" data-id=\"9b8e044\" data-element_type=\"container\" data-e-type=\"container\" data-settings=\"{&quot;_ha_eqh_enable&quot;:false}\">\n\t\t\t\t<div class=\"elementor-element elementor-element-5c490db elementor-widget elementor-widget-heading\" data-id=\"5c490db\" data-element_type=\"widget\" data-e-type=\"widget\" data-widget_type=\"heading.default\">\n\t\t\t\t\t<h2 class=\"elementor-heading-title elementor-size-default\">Ligne de couleurs, 2021\/2022\n<\/h2>\t\t\t\t<\/div>\n\t\t\t\t<div class=\"elementor-element elementor-element-0ed2ebf elementor-widget elementor-widget-text-editor\" data-id=\"0ed2ebf\" data-element_type=\"widget\" data-e-type=\"widget\" data-widget_type=\"text-editor.default\">\n\t\t\t\t\t\t\t\t\t<p>Fils de soie fran\u00e7aise,\u00a0<span style=\"font-family: inherit; font-size: inherit; font-style: inherit; font-variant-ligatures: inherit; font-variant-caps: inherit; font-weight: inherit;\">fils de laine marocaine<\/span><\/p><p>Tissage main r\u00e9alis\u00e9 par les femmes de la coop\u00e9rative <a href=\"https:\/\/www.instagram.com\/nisae_alkhire\/\">Nisae El Khir<\/a><\/p><p>\u00a0<\/p><p>\u00a0<\/p><p>Tapis 1 : 100 x 200 cm<\/p><p>Tapis 2 : 275 x 350 cm<\/p><p><em>\u00a0<\/em><\/p><p><em>\u00a0<\/em><em>\u00a0<\/em><\/p><p>\u00a0<\/p><p>\u00a0<\/p><p><em>VENDUE\u00a0<\/em><\/p><p><em>N&rsquo;h\u00e9sitez pas \u00e0 <a href=\"https:\/\/brodeuse-voyageuse.com\/en\/contact\/\">nous contacter<\/a> pour avoir plus d&rsquo;informations.<\/em><\/p>\t\t\t\t\t\t\t\t<\/div>\n\t\t\t\t<\/div>\n\t\t\t\t<\/div>\n\t\t\t\t\t<\/div>\n\t\t\t\t<\/div>\n\t\t<div class=\"elementor-element elementor-element-2c575d4 e-flex e-con-boxed e-con e-parent\" data-id=\"2c575d4\" data-element_type=\"container\" data-e-type=\"container\" data-settings=\"{&quot;background_background&quot;:&quot;classic&quot;,&quot;_ha_eqh_enable&quot;:false}\">\n\t\t\t\t\t<div class=\"e-con-inner\">\n\t\t\t\t<div class=\"elementor-element elementor-element-1cb4dea elementor-widget elementor-widget-spacer\" data-id=\"1cb4dea\" data-element_type=\"widget\" data-e-type=\"widget\" data-widget_type=\"spacer.default\">\n\t\t\t\t\t\t\t<div class=\"elementor-spacer\">\n\t\t\t<div class=\"elementor-spacer-inner\"><\/div>\n\t\t<\/div>\n\t\t\t\t\t\t<\/div>\n\t\t\t\t\t<\/div>\n\t\t\t\t<\/div>\n\t\t<div class=\"elementor-element elementor-element-701ce9a e-flex e-con-boxed e-con e-parent\" data-id=\"701ce9a\" data-element_type=\"container\" data-e-type=\"container\" data-settings=\"{&quot;background_background&quot;:&quot;classic&quot;,&quot;_ha_eqh_enable&quot;:false}\">\n\t\t\t\t\t<div class=\"e-con-inner\">\n\t\t\t\t<div class=\"elementor-element elementor-element-23f4602 elementor-widget-divider--view-line elementor-widget elementor-widget-divider\" data-id=\"23f4602\" data-element_type=\"widget\" data-e-type=\"widget\" data-widget_type=\"divider.default\">\n\t\t\t\t\t\t\t<div class=\"elementor-divider\">\n\t\t\t<span class=\"elementor-divider-separator\">\n\t\t\t\t\t\t<\/span>\n\t\t<\/div>\n\t\t\t\t\t\t<\/div>\n\t\t\t\t\t<\/div>\n\t\t\t\t<\/div>\n\t\t\t\t<\/div>","protected":false},"excerpt":{"rendered":"<p>Contraste entre la laine noire des moutons du massif du Siroua et la soie color\u00e9e de la r\u00e9gion Rh\u00f4ne Alpes. Ligne de couleurs, 2021\/2022 Fils de soie fran\u00e7aise,\u00a0fils de laine marocaine Tissage main r\u00e9alis\u00e9 par les femmes de la coop\u00e9rative Nisae El Khir \u00a0 \u00a0 Tapis 1 : 100 x 200 cm Tapis 2 : [&hellip;]<\/p>\n","protected":false},"author":1,"featured_media":0,"parent":0,"menu_order":0,"comment_status":"closed","ping_status":"closed","template":"","meta":{"footnotes":""},"class_list":["post-3786","page","type-page","status-publish","hentry"],"blocksy_meta":[],"_links":{"self":[{"href":"https:\/\/brodeuse-voyageuse.com\/en\/wp-json\/wp\/v2\/pages\/3786","targetHints":{"allow":["GET"]}}],"collection":[{"href":"https:\/\/brodeuse-voyageuse.com\/en\/wp-json\/wp\/v2\/pages"}],"about":[{"href":"https:\/\/brodeuse-voyageuse.com\/en\/wp-json\/wp\/v2\/types\/page"}],"author":[{"embeddable":true,"href":"https:\/\/brodeuse-voyageuse.com\/en\/wp-json\/wp\/v2\/users\/1"}],"replies":[{"embeddable":true,"href":"https:\/\/brodeuse-voyageuse.com\/en\/wp-json\/wp\/v2\/comments?post=3786"}],"version-history":[{"count":16,"href":"https:\/\/brodeuse-voyageuse.com\/en\/wp-json\/wp\/v2\/pages\/3786\/revisions"}],"predecessor-version":[{"id":3810,"href":"https:\/\/brodeuse-voyageuse.com\/en\/wp-json\/wp\/v2\/pages\/3786\/revisions\/3810"}],"wp:attachment":[{"href":"https:\/\/brodeuse-voyageuse.com\/en\/wp-json\/wp\/v2\/media?parent=3786"}],"curies":[{"name":"wp","href":"https:\/\/api.w.org\/{rel}","templated":true}]}}